{"id":1087,"date":"2022-03-21T03:35:22","date_gmt":"2022-03-21T03:35:22","guid":{"rendered":"http:\/\/localhost:81\/mli-wordpress\/?page_id=1087"},"modified":"2022-10-05T17:34:15","modified_gmt":"2022-10-05T17:34:15","slug":"tr-mli-quarantine-policy","status":"publish","type":"page","link":"https:\/\/mliesl.edu\/contents\/tr\/tr-mli-quarantine-policy\/","title":{"rendered":"Quarantine Policy"},"content":{"rendered":"\t\t<div data-elementor-type=\"wp-page\" data-elementor-id=\"1087\" class=\"elementor elementor-1087\">\n\t\t\t\t\t\t\t\t\t<section class=\"elementor-section elementor-top-section elementor-element elementor-element-6d8109f elementor-section-boxed elementor-section-height-default elementor-section-height-default\" data-id=\"6d8109f\" data-element_type=\"section\">\n\t\t\t\t\t\t<div class=\"elementor-container elementor-column-gap-default\">\n\t\t\t\t\t<div class=\"elementor-column elementor-col-100 elementor-top-column elementor-element elementor-element-12dc3ce\" data-id=\"12dc3ce\" data-element_type=\"column\">\n\t\t\t<div class=\"elementor-widget-wrap elementor-element-populated\">\n\t\t\t\t\t\t\t\t<div class=\"elementor-element elementor-element-bda9655 elementor-widget elementor-widget-heading\" data-id=\"bda9655\" data-element_type=\"widget\" data-widget_type=\"heading.default\">\n\t\t\t\t<div class=\"elementor-widget-container\">\n\t\t\t<style>\/*! elementor - v3.6.0 - 21-03-2022 *\/\n.elementor-heading-title{padding:0;margin:0;line-height:1}.elementor-widget-heading .elementor-heading-title[class*=elementor-size-]>a{color:inherit;font-size:inherit;line-height:inherit}.elementor-widget-heading .elementor-heading-title.elementor-size-small{font-size:15px}.elementor-widget-heading .elementor-heading-title.elementor-size-medium{font-size:19px}.elementor-widget-heading .elementor-heading-title.elementor-size-large{font-size:29px}.elementor-widget-heading .elementor-heading-title.elementor-size-xl{font-size:39px}.elementor-widget-heading .elementor-heading-title.elementor-size-xxl{font-size:59px}<\/style><h1 class=\"elementor-heading-title elementor-size-large\"><h1 style=\"margin-bottom: 1.5rem; line-height: 44px; font-size: 36px; color: rgb(0, 0, 0); font-style: normal; font-variant-ligatures: normal; font-variant-caps: normal; white-space: normal; font-family: &quot;Helvetica Neue&quot;, sans-serif !important;\">MLI Karantina Politikas\u0131<\/h1><\/h1>\t\t<\/div>\n\t\t\t\t<\/div>\n\t\t\t\t\t<\/div>\n\t\t<\/div>\n\t\t\t\t\t\t\t<\/div>\n\t\t<\/section>\n\t\t\t\t<section class=\"elementor-section elementor-top-section elementor-element elementor-element-7a81560 elementor-section-boxed elementor-section-height-default elementor-section-height-default\" data-id=\"7a81560\" data-element_type=\"section\">\n\t\t\t\t\t\t<div class=\"elementor-container elementor-column-gap-default\">\n\t\t\t\t\t<div class=\"elementor-column elementor-col-100 elementor-top-column elementor-element elementor-element-b727fbd\" data-id=\"b727fbd\" data-element_type=\"column\">\n\t\t\t<div class=\"elementor-widget-wrap elementor-element-populated\">\n\t\t\t\t\t\t\t\t<div class=\"elementor-element elementor-element-b9cc7aa elementor-widget elementor-widget-text-editor\" data-id=\"b9cc7aa\" data-element_type=\"widget\" data-widget_type=\"text-editor.default\">\n\t\t\t\t<div class=\"elementor-widget-container\">\n\t\t\t<style>\/*! elementor - v3.6.0 - 21-03-2022 *\/\n.elementor-widget-text-editor.elementor-drop-cap-view-stacked .elementor-drop-cap{background-color:#818a91;color:#fff}.elementor-widget-text-editor.elementor-drop-cap-view-framed .elementor-drop-cap{color:#818a91;border:3px solid;background-color:transparent}.elementor-widget-text-editor:not(.elementor-drop-cap-view-default) .elementor-drop-cap{margin-top:8px}.elementor-widget-text-editor:not(.elementor-drop-cap-view-default) .elementor-drop-cap-letter{width:1em;height:1em}.elementor-widget-text-editor .elementor-drop-cap{float:left;text-align:center;line-height:1;font-size:50px}.elementor-widget-text-editor .elementor-drop-cap-letter{display:inline-block}<\/style>\t\t\t\t<div style=\"color: #212529; font-family: -apple-system, BlinkMacSystemFont, 'Segoe UI', Roboto, 'Helvetica Neue', Arial, 'Noto Sans', sans-serif, 'Apple Color Emoji', 'Segoe UI Emoji', 'Segoe UI Symbol', 'Noto Color Emoji'; font-size: 16px; font-style: normal; font-variant-ligatures: normal; font-variant-caps: normal; font-weight: 400;\"><p style=\"margin-bottom: 1rem; color: #3d4c5c; font-size: 16px; line-height: 24px; font-family: 'Helvetica Neue', sans-serif !important;\">MLI, t\u00fcm y\u00fcz y\u00fcze derslere yeniden ba\u015flad\u0131. \u0130\u015fte LA il\u00e7e gereksinimlerine dayal\u0131 MLI\u2019nin en g\u00fcncel karantina politikas\u0131.<\/p><\/div>\t\t\t\t\t\t<\/div>\n\t\t\t\t<\/div>\n\t\t\t\t\t<\/div>\n\t\t<\/div>\n\t\t\t\t\t\t\t<\/div>\n\t\t<\/section>\n\t\t\t\t<section class=\"elementor-section elementor-top-section elementor-element elementor-element-9b63099 elementor-section-boxed elementor-section-height-default elementor-section-height-default\" data-id=\"9b63099\" data-element_type=\"section\">\n\t\t\t\t\t\t<div class=\"elementor-container elementor-column-gap-default\">\n\t\t\t\t\t<div class=\"elementor-column elementor-col-100 elementor-top-column elementor-element elementor-element-9e9f344\" data-id=\"9e9f344\" data-element_type=\"column\">\n\t\t\t<div class=\"elementor-widget-wrap elementor-element-populated\">\n\t\t\t\t\t\t\t\t<div class=\"elementor-element elementor-element-2cfd694 elementor-widget elementor-widget-shortcode\" data-id=\"2cfd694\" data-element_type=\"widget\" data-widget_type=\"shortcode.default\">\n\t\t\t\t<div class=\"elementor-widget-container\">\n\t\t\t\t\t<div class=\"elementor-shortcode\">\n<table id=\"tablepress-13\" class=\"tablepress tablepress-id-13 qp-class\">\n<tbody class=\"row-hover\">\n<tr class=\"row-1 odd\">\n\t<td rowspan=\"2\" class=\"column-1\"><\/td><td colspan=\"2\" class=\"column-2\"><strong>Tam A\u015f\u0131l\u0131 \u00d6\u011frenciler<\/strong><\/td><td class=\"column-4\"><strong>A\u015f\u0131s\u0131z \u00f6\u011frenciler<\/strong><\/td>\n<\/tr>\n<tr class=\"row-2 even\">\n\t<td class=\"column-2\"><strong>Yurtd\u0131\u015f\u0131ndan<\/strong><\/td><td class=\"column-3\"><strong>Yurti\u00e7inden (ABD'de)<\/strong><\/td><td class=\"column-4\"><strong>Yurtd\u0131\u015f\u0131 ve Yurti\u00e7i<\/strong><\/td>\n<\/tr>\n<tr class=\"row-3 odd\">\n\t<td class=\"column-1\">Los Angeles'a vard\u0131ktan hemen sonra y\u00fcz y\u00fcze derslere kat\u0131labilir miyim?<\/td><td class=\"column-2\"><strong style=\"color: red\">Evet<\/strong><\/td><td class=\"column-3\"><strong style=\"color: red\">Evet<\/strong><\/td><td class=\"column-4\"><strong>Hay\u0131r<\/strong><\/td>\n<\/tr>\n<tr class=\"row-4 even\">\n\t<td class=\"column-1\">Los Angeles'a geldikten 3-5 g\u00fcn sonra PCR testi yapt\u0131r\u0131rsam y\u00fcz y\u00fcze derslere kat\u0131labilir miyim?<\/td><td class=\"column-2\"><strong>\u2013<\/strong><\/td><td class=\"column-3\"><strong>\u2013<\/strong><\/td><td class=\"column-4\"><strong>Hay\u0131r<\/strong><\/td>\n<\/tr>\n<tr class=\"row-5 odd\">\n\t<td class=\"column-1\">Los Angeles'a geldikten sonra y\u00fcz y\u00fcze derslere kat\u0131lmak i\u00e7in 5 g\u00fcn karantinada kalmam gerekir mi?<\/td><td class=\"column-2\"><strong>\u2013<\/strong><\/td><td class=\"column-3\"><strong>\u2013<\/strong><\/td><td class=\"column-4\"><strong style=\"color: red\">Evet<\/strong><\/td>\n<\/tr>\n<tr class=\"row-6 even\">\n\t<td class=\"column-1\">MLI, a\u015f\u0131lanmam\u0131\u015f \u00f6\u011frencilerin Y\u00fcz y\u00fcze programlara kat\u0131labilmeleri i\u00e7in her hafta PCR testlerini yapt\u0131rmalar\u0131 ve her Pazartesi g\u00fcn\u00fcne kadar negatif sonu\u00e7 vermelerini \u015fart ko\u015far.<\/td><td class=\"column-2\"><strong>\u2013<\/strong><\/td><td class=\"column-3\"><strong>\u2013<\/strong><\/td><td class=\"column-4\"><strong style=\"color: red\">Evet<\/strong><\/td>\n<\/tr>\n<tr class=\"row-7 odd\">\n\t<td class=\"column-1\">Los Angeles'a geldikten sonra PCR s\u0131nav\u0131na girersem karantinam\u0131 k\u0131saltabilir miyim?<\/td><td class=\"column-2\"><strong>\u2013<\/strong><\/td><td class=\"column-3\"><strong>\u2013<\/strong><\/td><td class=\"column-4\"><strong>Hay\u0131r<\/strong><\/td>\n<\/tr>\n<\/tbody>\n<\/table>\n<\/div>\n\t\t\t\t<\/div>\n\t\t\t\t<\/div>\n\t\t\t\t\t<\/div>\n\t\t<\/div>\n\t\t\t\t\t\t\t<\/div>\n\t\t<\/section>\n\t\t\t\t<section class=\"elementor-section elementor-top-section elementor-element elementor-element-fb99f7a elementor-section-boxed elementor-section-height-default elementor-section-height-default\" data-id=\"fb99f7a\" data-element_type=\"section\">\n\t\t\t\t\t\t<div class=\"elementor-container elementor-column-gap-default\">\n\t\t\t\t\t<div class=\"elementor-column elementor-col-100 elementor-top-column elementor-element elementor-element-763c4d1\" data-id=\"763c4d1\" data-element_type=\"column\">\n\t\t\t<div class=\"elementor-widget-wrap elementor-element-populated\">\n\t\t\t\t\t\t\t\t<div class=\"elementor-element elementor-element-3d790a1 elementor-widget elementor-widget-text-editor\" data-id=\"3d790a1\" data-element_type=\"widget\" data-widget_type=\"text-editor.default\">\n\t\t\t\t<div class=\"elementor-widget-container\">\n\t\t\t\t\t\t\t<p><span style=\"font-family: 'Helvetica Neue', sans-serif; font-size: 16px; font-style: normal; font-variant-ligatures: normal; font-variant-caps: normal; font-weight: 400;\">*A\u015f\u0131lar\u0131 tam olan \u00f6\u011frenciler kan\u0131t sunmal\u0131d\u0131r.<\/span><\/p>\t\t\t\t\t\t<\/div>\n\t\t\t\t<\/div>\n\t\t\t\t\t<\/div>\n\t\t<\/div>\n\t\t\t\t\t\t\t<\/div>\n\t\t<\/section>\n\t\t\t\t\t\t\t<\/div>\n\t\t","protected":false},"excerpt":{"rendered":"<p>MLI Karantina Politikas\u0131 MLI, t\u00fcm y\u00fcz y\u00fcze derslere yeniden ba\u015flad\u0131. \u0130\u015fte LA il\u00e7e gereksinimlerine dayal\u0131 MLI\u2019nin en g\u00fcncel karantina politikas\u0131. *A\u015f\u0131lar\u0131 tam olan \u00f6\u011frenciler kan\u0131t sunmal\u0131d\u0131r.<\/p>\n","protected":false},"author":1,"featured_media":0,"parent":0,"menu_order":0,"comment_status":"closed","ping_status":"closed","template":"","meta":[],"_links":{"self":[{"href":"https:\/\/mliesl.edu\/contents\/wp-json\/wp\/v2\/pages\/1087"}],"collection":[{"href":"https:\/\/mliesl.edu\/contents\/wp-json\/wp\/v2\/pages"}],"about":[{"href":"https:\/\/mliesl.edu\/contents\/wp-json\/wp\/v2\/types\/page"}],"author":[{"embeddable":true,"href":"https:\/\/mliesl.edu\/contents\/wp-json\/wp\/v2\/users\/1"}],"replies":[{"embeddable":true,"href":"https:\/\/mliesl.edu\/contents\/wp-json\/wp\/v2\/comments?post=1087"}],"version-history":[{"count":11,"href":"https:\/\/mliesl.edu\/contents\/wp-json\/wp\/v2\/pages\/1087\/revisions"}],"predecessor-version":[{"id":4652,"href":"https:\/\/mliesl.edu\/contents\/wp-json\/wp\/v2\/pages\/1087\/revisions\/4652"}],"wp:attachment":[{"href":"https:\/\/mliesl.edu\/contents\/wp-json\/wp\/v2\/media?parent=1087"}],"curies":[{"name":"wp","href":"https:\/\/api.w.org\/{rel}","templated":true}]}}