{"id":1092,"date":"2022-03-21T03:35:22","date_gmt":"2022-03-21T03:35:22","guid":{"rendered":"http:\/\/localhost:81\/mli-wordpress\/?page_id=1092"},"modified":"2022-10-05T17:51:02","modified_gmt":"2022-10-05T17:51:02","slug":"de-mli-quarantine-policy","status":"publish","type":"page","link":"https:\/\/mliesl.edu\/contents\/de\/de-mli-quarantine-policy\/","title":{"rendered":"Quarantine Policy"},"content":{"rendered":"\t\t<div data-elementor-type=\"wp-page\" data-elementor-id=\"1092\" class=\"elementor elementor-1092\">\n\t\t\t\t\t\t\t\t\t<section class=\"elementor-section elementor-top-section elementor-element elementor-element-6d8109f elementor-section-boxed elementor-section-height-default elementor-section-height-default\" data-id=\"6d8109f\" data-element_type=\"section\">\n\t\t\t\t\t\t<div class=\"elementor-container elementor-column-gap-default\">\n\t\t\t\t\t<div class=\"elementor-column elementor-col-100 elementor-top-column elementor-element elementor-element-12dc3ce\" data-id=\"12dc3ce\" data-element_type=\"column\">\n\t\t\t<div class=\"elementor-widget-wrap elementor-element-populated\">\n\t\t\t\t\t\t\t\t<div class=\"elementor-element elementor-element-bda9655 elementor-widget elementor-widget-heading\" data-id=\"bda9655\" data-element_type=\"widget\" data-widget_type=\"heading.default\">\n\t\t\t\t<div class=\"elementor-widget-container\">\n\t\t\t<style>\/*! elementor - v3.6.0 - 21-03-2022 *\/\n.elementor-heading-title{padding:0;margin:0;line-height:1}.elementor-widget-heading .elementor-heading-title[class*=elementor-size-]>a{color:inherit;font-size:inherit;line-height:inherit}.elementor-widget-heading .elementor-heading-title.elementor-size-small{font-size:15px}.elementor-widget-heading .elementor-heading-title.elementor-size-medium{font-size:19px}.elementor-widget-heading .elementor-heading-title.elementor-size-large{font-size:29px}.elementor-widget-heading .elementor-heading-title.elementor-size-xl{font-size:39px}.elementor-widget-heading .elementor-heading-title.elementor-size-xxl{font-size:59px}<\/style><h1 class=\"elementor-heading-title elementor-size-large\">MLI Quarant\u00e4nerichtlinie<\/h1>\t\t<\/div>\n\t\t\t\t<\/div>\n\t\t\t\t\t<\/div>\n\t\t<\/div>\n\t\t\t\t\t\t\t<\/div>\n\t\t<\/section>\n\t\t\t\t<section class=\"elementor-section elementor-top-section elementor-element elementor-element-7a81560 elementor-section-boxed elementor-section-height-default elementor-section-height-default\" data-id=\"7a81560\" data-element_type=\"section\">\n\t\t\t\t\t\t<div class=\"elementor-container elementor-column-gap-default\">\n\t\t\t\t\t<div class=\"elementor-column elementor-col-100 elementor-top-column elementor-element elementor-element-b727fbd\" data-id=\"b727fbd\" data-element_type=\"column\">\n\t\t\t<div class=\"elementor-widget-wrap elementor-element-populated\">\n\t\t\t\t\t\t\t\t<div class=\"elementor-element elementor-element-b9cc7aa elementor-widget elementor-widget-text-editor\" data-id=\"b9cc7aa\" data-element_type=\"widget\" data-widget_type=\"text-editor.default\">\n\t\t\t\t<div class=\"elementor-widget-container\">\n\t\t\t<style>\/*! elementor - v3.6.0 - 21-03-2022 *\/\n.elementor-widget-text-editor.elementor-drop-cap-view-stacked .elementor-drop-cap{background-color:#818a91;color:#fff}.elementor-widget-text-editor.elementor-drop-cap-view-framed .elementor-drop-cap{color:#818a91;border:3px solid;background-color:transparent}.elementor-widget-text-editor:not(.elementor-drop-cap-view-default) .elementor-drop-cap{margin-top:8px}.elementor-widget-text-editor:not(.elementor-drop-cap-view-default) .elementor-drop-cap-letter{width:1em;height:1em}.elementor-widget-text-editor .elementor-drop-cap{float:left;text-align:center;line-height:1;font-size:50px}.elementor-widget-text-editor .elementor-drop-cap-letter{display:inline-block}<\/style>\t\t\t\t<p style=\"margin-bottom: 1rem; font-size: 16px; line-height: 24px; font-style: normal; font-variant-ligatures: normal; font-variant-caps: normal; font-weight: 400; font-family: 'Helvetica Neue', sans-serif !important;\">MLI hat alle Pr\u00e4senzkurse wieder aufgenommen. Hier ist die aktuellste Quarant\u00e4nerichtlinie von MLI, die auf den Anforderungen des Bezirks LA basiert.<\/p>\t\t\t\t\t\t<\/div>\n\t\t\t\t<\/div>\n\t\t\t\t\t<\/div>\n\t\t<\/div>\n\t\t\t\t\t\t\t<\/div>\n\t\t<\/section>\n\t\t\t\t<section class=\"elementor-section elementor-top-section elementor-element elementor-element-9b63099 elementor-section-boxed elementor-section-height-default elementor-section-height-default\" data-id=\"9b63099\" data-element_type=\"section\">\n\t\t\t\t\t\t<div class=\"elementor-container elementor-column-gap-default\">\n\t\t\t\t\t<div class=\"elementor-column elementor-col-100 elementor-top-column elementor-element elementor-element-9e9f344\" data-id=\"9e9f344\" data-element_type=\"column\">\n\t\t\t<div class=\"elementor-widget-wrap elementor-element-populated\">\n\t\t\t\t\t\t\t\t<div class=\"elementor-element elementor-element-2cfd694 elementor-widget elementor-widget-shortcode\" data-id=\"2cfd694\" data-element_type=\"widget\" data-widget_type=\"shortcode.default\">\n\t\t\t\t<div class=\"elementor-widget-container\">\n\t\t\t\t\t<div class=\"elementor-shortcode\">\n<table id=\"tablepress-14\" class=\"tablepress tablepress-id-14 qp-class\">\n<tbody class=\"row-hover\">\n<tr class=\"row-1 odd\">\n\t<td rowspan=\"2\" class=\"column-1\"><\/td><td colspan=\"2\" class=\"column-2\"><strong>Vollst\u00e4ndig geimpfte Sch\u00fcler<\/strong><\/td><td class=\"column-4\"><strong>Ungeimpfte Studenten<\/strong><\/td>\n<\/tr>\n<tr class=\"row-2 even\">\n\t<td class=\"column-2\"><strong>Von \u00dcbersee<\/strong><\/td><td class=\"column-3\"><strong>Aus dem Inland (in den USA)<\/strong><\/td><td class=\"column-4\"><strong>\u00dcbersee &amp; Inland<\/strong><\/td>\n<\/tr>\n<tr class=\"row-3 odd\">\n\t<td class=\"column-1\">Kann ich direkt nach meiner Ankunft in LA an pers\u00f6nlichen Kursen teilnehmen?<\/td><td class=\"column-2\"><strong style=\"color: red\">Ja<\/strong><\/td><td class=\"column-3\"><strong style=\"color: red\">Ja<\/strong><\/td><td class=\"column-4\"><strong>Nein<\/strong><\/td>\n<\/tr>\n<tr class=\"row-4 even\">\n\t<td class=\"column-1\">Kann ich an Pr\u00e4senzkursen teilnehmen, wenn ich 3-5 Tage nach meiner Ankunft in LA einen PCR-Test erhalte?<\/td><td class=\"column-2\"><strong>\u2013<\/strong><\/td><td class=\"column-3\"><strong>\u2013<\/strong><\/td><td class=\"column-4\"><strong>Nein<\/strong><\/td>\n<\/tr>\n<tr class=\"row-5 odd\">\n\t<td class=\"column-1\">Muss ich 5 Tage unter Quarant\u00e4ne gestellt werden, um nach meiner Ankunft in LA an pers\u00f6nlichen Kursen teilnehmen zu k\u00f6nnen?<\/td><td class=\"column-2\"><strong>\u2013<\/strong><\/td><td class=\"column-3\"><strong>\u2013<\/strong><\/td><td class=\"column-4\"><strong style=\"color: red\">Ja<\/strong><\/td>\n<\/tr>\n<tr class=\"row-6 even\">\n\t<td class=\"column-1\">MLI verlangt von nicht geimpften Studenten, dass sie jede Woche PCR-Tests machen und bis jeden Montag negative Ergebnisse einreichen m\u00fcssen, um an Pr\u00e4senzprogrammen teilnehmen zu k\u00f6nnen.<\/td><td class=\"column-2\"><strong>\u2013<\/strong><\/td><td class=\"column-3\"><strong>\u2013<\/strong><\/td><td class=\"column-4\"><strong style=\"color: red\">Ja<\/strong><\/td>\n<\/tr>\n<tr class=\"row-7 odd\">\n\t<td class=\"column-1\">Kann ich meine Quarant\u00e4ne verk\u00fcrzen, wenn ich nach meiner Ankunft in LA eine PCR-Untersuchung ablege?<\/td><td class=\"column-2\"><strong>\u2013<\/strong><\/td><td class=\"column-3\"><strong>\u2013<\/strong><\/td><td class=\"column-4\"><strong>Nein<\/strong><\/td>\n<\/tr>\n<\/tbody>\n<\/table>\n<\/div>\n\t\t\t\t<\/div>\n\t\t\t\t<\/div>\n\t\t\t\t\t<\/div>\n\t\t<\/div>\n\t\t\t\t\t\t\t<\/div>\n\t\t<\/section>\n\t\t\t\t<section class=\"elementor-section elementor-top-section elementor-element elementor-element-fb99f7a elementor-section-boxed elementor-section-height-default elementor-section-height-default\" data-id=\"fb99f7a\" data-element_type=\"section\">\n\t\t\t\t\t\t<div class=\"elementor-container elementor-column-gap-default\">\n\t\t\t\t\t<div class=\"elementor-column elementor-col-100 elementor-top-column elementor-element elementor-element-763c4d1\" data-id=\"763c4d1\" data-element_type=\"column\">\n\t\t\t<div class=\"elementor-widget-wrap elementor-element-populated\">\n\t\t\t\t\t\t\t\t<div class=\"elementor-element elementor-element-3d790a1 elementor-widget elementor-widget-text-editor\" data-id=\"3d790a1\" data-element_type=\"widget\" data-widget_type=\"text-editor.default\">\n\t\t\t\t<div class=\"elementor-widget-container\">\n\t\t\t\t\t\t\t<p><span style=\"font-family: 'Helvetica Neue', sans-serif; font-size: 16px; font-style: normal; font-variant-ligatures: normal; font-variant-caps: normal; font-weight: 400;\">*Vollgeimpfte Studierende m\u00fcssen einen Nachweis vorlegen.<\/span><\/p>\t\t\t\t\t\t<\/div>\n\t\t\t\t<\/div>\n\t\t\t\t\t<\/div>\n\t\t<\/div>\n\t\t\t\t\t\t\t<\/div>\n\t\t<\/section>\n\t\t\t\t\t\t\t<\/div>\n\t\t","protected":false},"excerpt":{"rendered":"<p>MLI Quarant\u00e4nerichtlinie MLI hat alle Pr\u00e4senzkurse wieder aufgenommen. Hier ist die aktuellste Quarant\u00e4nerichtlinie von MLI, die auf den Anforderungen des Bezirks LA basiert. *Vollgeimpfte Studierende m\u00fcssen einen Nachweis vorlegen.<\/p>\n","protected":false},"author":1,"featured_media":0,"parent":0,"menu_order":0,"comment_status":"closed","ping_status":"closed","template":"","meta":[],"_links":{"self":[{"href":"https:\/\/mliesl.edu\/contents\/wp-json\/wp\/v2\/pages\/1092"}],"collection":[{"href":"https:\/\/mliesl.edu\/contents\/wp-json\/wp\/v2\/pages"}],"about":[{"href":"https:\/\/mliesl.edu\/contents\/wp-json\/wp\/v2\/types\/page"}],"author":[{"embeddable":true,"href":"https:\/\/mliesl.edu\/contents\/wp-json\/wp\/v2\/users\/1"}],"replies":[{"embeddable":true,"href":"https:\/\/mliesl.edu\/contents\/wp-json\/wp\/v2\/comments?post=1092"}],"version-history":[{"count":14,"href":"https:\/\/mliesl.edu\/contents\/wp-json\/wp\/v2\/pages\/1092\/revisions"}],"predecessor-version":[{"id":4679,"href":"https:\/\/mliesl.edu\/contents\/wp-json\/wp\/v2\/pages\/1092\/revisions\/4679"}],"wp:attachment":[{"href":"https:\/\/mliesl.edu\/contents\/wp-json\/wp\/v2\/media?parent=1092"}],"curies":[{"name":"wp","href":"https:\/\/api.w.org\/{rel}","templated":true}]}}