{"id":944,"date":"2022-03-15T07:12:56","date_gmt":"2022-03-15T07:12:56","guid":{"rendered":"http:\/\/localhost:81\/mli-wordpress\/?page_id=944"},"modified":"2023-05-25T04:09:09","modified_gmt":"2023-05-25T04:09:09","slug":"fr-faq-covid19","status":"publish","type":"page","link":"https:\/\/mliesl.edu\/contents\/fr\/fr-faq-covid19\/","title":{"rendered":"FAQ"},"content":{"rendered":"\t\t<div data-elementor-type=\"wp-page\" data-elementor-id=\"944\" class=\"elementor elementor-944\">\n\t\t\t\t\t\t\t\t\t<section class=\"elementor-section elementor-top-section elementor-element elementor-element-426a445 elementor-section-boxed elementor-section-height-default elementor-section-height-default\" data-id=\"426a445\" data-element_type=\"section\">\n\t\t\t\t\t\t<div class=\"elementor-container elementor-column-gap-default\">\n\t\t\t\t\t<div class=\"elementor-column elementor-col-100 elementor-top-column elementor-element elementor-element-07b6365\" data-id=\"07b6365\" data-element_type=\"column\">\n\t\t\t<div class=\"elementor-widget-wrap elementor-element-populated\">\n\t\t\t\t\t\t\t\t<div class=\"elementor-element elementor-element-098db4f elementor-widget elementor-widget-heading\" data-id=\"098db4f\" data-element_type=\"widget\" data-widget_type=\"heading.default\">\n\t\t\t\t<div class=\"elementor-widget-container\">\n\t\t\t<style>\/*! elementor - v3.6.0 - 21-03-2022 *\/\n.elementor-heading-title{padding:0;margin:0;line-height:1}.elementor-widget-heading .elementor-heading-title[class*=elementor-size-]>a{color:inherit;font-size:inherit;line-height:inherit}.elementor-widget-heading .elementor-heading-title.elementor-size-small{font-size:15px}.elementor-widget-heading .elementor-heading-title.elementor-size-medium{font-size:19px}.elementor-widget-heading .elementor-heading-title.elementor-size-large{font-size:29px}.elementor-widget-heading .elementor-heading-title.elementor-size-xl{font-size:39px}.elementor-widget-heading .elementor-heading-title.elementor-size-xxl{font-size:59px}<\/style><h2 class=\"elementor-heading-title elementor-size-default\"><h1 style=\"margin-bottom: 1.5rem; line-height: 44px; font-size: 36px; color: rgb(0, 0, 0); font-style: normal; font-variant-ligatures: normal; font-variant-caps: normal; white-space: normal; font-family: &quot;Helvetica Neue&quot;, sans-serif !important;\">Foire aux questions - COVID 19<\/h1><\/h2>\t\t<\/div>\n\t\t\t\t<\/div>\n\t\t\t\t\t<\/div>\n\t\t<\/div>\n\t\t\t\t\t\t\t<\/div>\n\t\t<\/section>\n\t\t\t\t<section class=\"elementor-section elementor-top-section elementor-element elementor-element-f9f94ca elementor-section-boxed elementor-section-height-default elementor-section-height-default\" data-id=\"f9f94ca\" data-element_type=\"section\">\n\t\t\t\t\t\t<div class=\"elementor-container elementor-column-gap-default\">\n\t\t\t\t\t<div class=\"elementor-column elementor-col-100 elementor-top-column elementor-element elementor-element-5bc5144\" data-id=\"5bc5144\" data-element_type=\"column\">\n\t\t\t<div class=\"elementor-widget-wrap elementor-element-populated\">\n\t\t\t\t\t\t\t\t<div class=\"elementor-element elementor-element-c4b6105 elementor-widget elementor-widget-heading\" data-id=\"c4b6105\" data-element_type=\"widget\" data-widget_type=\"heading.default\">\n\t\t\t\t<div class=\"elementor-widget-container\">\n\t\t\t<h2 class=\"elementor-heading-title elementor-size-default\"><h2 style=\"margin-bottom: 1rem; line-height: 39px; font-size: 32px; font-style: normal; color: rgb(33, 101, 185); font-variant-ligatures: normal; font-variant-caps: normal; white-space: normal; font-family: &quot;Helvetica Neue&quot;, sans-serif !important;\">R\u00e8glement de voyage, politique MLI COVID-19 et situation COVID-19 \u00e0 Los Angeles<\/h2><\/h2>\t\t<\/div>\n\t\t\t\t<\/div>\n\t\t\t\t\t<\/div>\n\t\t<\/div>\n\t\t\t\t\t\t\t<\/div>\n\t\t<\/section>\n\t\t\t\t<section class=\"elementor-section elementor-top-section elementor-element elementor-element-51ecadb elementor-section-boxed elementor-section-height-default elementor-section-height-default\" data-id=\"51ecadb\" data-element_type=\"section\">\n\t\t\t\t\t\t<div class=\"elementor-container elementor-column-gap-default\">\n\t\t\t\t\t<div class=\"elementor-column elementor-col-100 elementor-top-column elementor-element elementor-element-e65265d\" data-id=\"e65265d\" data-element_type=\"column\">\n\t\t\t<div class=\"elementor-widget-wrap elementor-element-populated\">\n\t\t\t\t\t\t\t\t<div class=\"elementor-element elementor-element-fa2c71d elementor-widget elementor-widget-text-editor\" data-id=\"fa2c71d\" data-element_type=\"widget\" data-widget_type=\"text-editor.default\">\n\t\t\t\t<div class=\"elementor-widget-container\">\n\t\t\t<style>\/*! elementor - v3.6.0 - 21-03-2022 *\/\n.elementor-widget-text-editor.elementor-drop-cap-view-stacked .elementor-drop-cap{background-color:#818a91;color:#fff}.elementor-widget-text-editor.elementor-drop-cap-view-framed .elementor-drop-cap{color:#818a91;border:3px solid;background-color:transparent}.elementor-widget-text-editor:not(.elementor-drop-cap-view-default) .elementor-drop-cap{margin-top:8px}.elementor-widget-text-editor:not(.elementor-drop-cap-view-default) .elementor-drop-cap-letter{width:1em;height:1em}.elementor-widget-text-editor .elementor-drop-cap{float:left;text-align:center;line-height:1;font-size:50px}.elementor-widget-text-editor .elementor-drop-cap-letter{display:inline-block}<\/style>\t\t\t\t<div style=\"color: #212529; font-family: -apple-system, BlinkMacSystemFont,;\">\n<div style=\"color: #212529; font-family: -apple-system, BlinkMacSystemFont,;\">\n<div>\n<h3 style=\"margin-top: 3rem; margin-bottom: 0.5rem; font-weight: 500; line-height: 29px; font-size: 24px; color: #2165b9; background: #e8eff4; padding: 10px;\">Q1. Quelles sont les directives actuelles pour voyager aux \u00c9tats-Unis?<\/h3>\n<div>\n<p style=\"margin-bottom: 1rem; color: #3d4c5c; font-size: 16px; line-height: 24px;\">\u00c0 compter du 11 mai 2023, les vaccinations et les tests pr\u00e9alables pour le COVID-19 ne seront plus requis pour entrer aux \u00c9tats-Unis.<\/p>\n\n<\/div>\n<\/div>\n<div>\n<h3 style=\"margin-top: 3rem; margin-bottom: 0.5rem; font-weight: 500; line-height: 29px; font-size: 24px; color: #2165b9; background: #e8eff4; padding: 10px;\">Q2. Quelle est la politique de MLI concernant la participation aux cours en personne?<\/h3>\n<div>\n<p style=\"margin-bottom: 1rem; color: #3d4c5c; font-size: 16px; line-height: 24px;\">MLI suit les directives de la Californie et de la region de Los Angeles afin d&#8217;assurer la s\u00e9curit\u00e9 de tous et d&#8217;emp\u00eacher la propagation du COVID-19. Chacun doit respecter les r\u00e8gles suivantes :<\/p>\n<p style=\"margin-bottom: 1rem; color: #3d4c5c; font-size: 16px; line-height: 24px;\">Si vous vous sentez malade, vous devez vous isoler et passer imm\u00e9diatement un test PCR COVID-19.\nSi votre test est positif pour COVID-19, informez-en imm\u00e9diatement MLI et recevez des instructions suppl\u00e9mentaires.<\/p>\n\n<\/div>\n<\/div>\n<div>\n<h3 style=\"margin-top: 3rem; margin-bottom: 0.5rem; font-weight: 500; line-height: 29px; font-size: 24px; color: #2165b9; background: #e8eff4; padding: 10px;\">Q3. Quelle est la dur\u00e9e de validit\u00e9 de l&#8217;exception COVID \u00e0 la r\u00e8gle des 5 mois?<\/h3>\n<div>\n<p style=\"margin-bottom: 1rem; color: #3d4c5c; font-size: 16px; line-height: 24px;\">Il n&#8217;y a pas de r\u00e8gle des 5 mois. Tant que vous avez un visa \u00e9tudiant valide et un I-20 initial, vous pourrez venir aux \u00c9tats-Unis.<\/p>\n\n<\/div>\n<\/div>\n<div>\n<h3 style=\"margin-top: 3rem; margin-bottom: 0.5rem; font-weight: 500; line-height: 29px; font-size: 24px; color: #2165b9; background: #e8eff4; padding: 10px;\">Q4. Si j&#8217;ai un visa \u00e9tudiant, puis-je venir aux \u00c9tats-Unis sans probl\u00e8me?<\/h3>\n<div>\n<p style=\"margin-bottom: 1rem; color: #3d4c5c; font-size: 16px; line-height: 24px;\">Si vous avez un visa \u00e9tudiant actif, demandez un I-20, payez vos frais SEVIS (formulaire I-901 : re\u00e7u des frais SEVIS) et commencez votre programme. Veuillez v\u00e9rifier les restrictions de voyage. <span style=\"color: #3366ff;\"><a class=\"waffle-rich-text-link\" style=\"text-decoration: underline; color: #3366ff;\" href=\"https:\/\/www.cdc.gov\/coronavirus\/2019-ncov\/travelers\/noncitizens-US-air-travel.html\">https:\/\/www.cdc.gov\/coronavirus\/2019-ncov\/travelers\/noncitizens-US-air-travel.html<\/a><\/span><\/p>\n\n<\/div>\n<\/div>\n<div>\n<h3 style=\"margin-top: 3rem; margin-bottom: 0.5rem; font-weight: 500; line-height: 29px; font-size: 24px; color: #2165b9; background: #e8eff4; padding: 10px;\">Q5. Puis-je venir aux \u00c9tats-Unis et participer uniquement \u00e0 des programmes en ligne?<\/h3>\n<div>\n<p style=\"margin-bottom: 1rem; color: #3d4c5c; font-size: 16px; line-height: 24px;\">Non, selon la r\u00e9glementation SEVP, les \u00e9tudiants \u00e9trangers entrant avec un visa I-20 initial ne sont pas autoris\u00e9s \u00e0 suivre des cours en ligne pour r\u00e9pondre \u00e0 leurs exigences. Tous les \u00e9tudiants nouveaux \/ initiaux qui viennent aux \u00c9tats-Unis apr\u00e8s le 12 mars 2020 doivent suivre des programmes en personne.<\/p>\n\n<\/div>\n<\/div>\n<div>\n<h3 style=\"margin-top: 3rem; margin-bottom: 0.5rem; font-weight: 500; line-height: 29px; font-size: 24px; color: #2165b9; background: #e8eff4; padding: 10px;\">Q6. Que se passera-t-il s&#8217;il y a un autre verrouillage \u00e0 LA?<\/h3>\n<div>\n<p style=\"margin-bottom: 1rem; color: #3d4c5c; font-size: 16px; line-height: 24px;\">Nous suivrons les instructions du CDC et passerons aux programmes en ligne si n\u00e9cessaire.<\/p>\n\n<\/div>\n<\/div>\n<\/div>\n<div style=\"color: #212529; font-family: -apple-system, BlinkMacSystemFont,;\">\n<h2 style=\"margin-top: 3rem; margin-bottom: 1rem; line-height: 39px; font-size: 32px; font-style: normal; color: #2165b9;\">Situation scolaire sous COVID-19<\/h2>\n<div>\n<h3 style=\"margin-top: 3rem; margin-bottom: 0.5rem; font-weight: 500; line-height: 29px; font-size: 24px; color: #2165b9; background: #e8eff4; padding: 10px;\">Q1. MLI propose-t-il des cours en ligne ou en personne?<\/h3>\n<div>\n<p style=\"margin-bottom: 1rem; color: #3d4c5c; font-size: 16px; line-height: 24px;\">MLI propose des cours en personne uniquement. Des cours en personne doivent \u00eatre suivis pour r\u00e9pondre aux exigences d&#8217;immigration des \u00e9tudiants F1.<\/p>\n\n<\/div>\n<\/div>\n<div>\n<h3 style=\"margin-top: 3rem; margin-bottom: 0.5rem; font-weight: 500; line-height: 29px; font-size: 24px; color: #2165b9; background: #e8eff4; padding: 10px;\">Q2. Les \u00e9v\u00e9nements de l&#8217;\u00e9cole MLI sont-ils annul\u00e9s?<\/h3>\n<div>\n<p style=\"margin-bottom: 1rem; color: #3d4c5c; font-size: 16px; line-height: 24px;\">Non, toutes les activit\u00e9s des \u00e9l\u00e8ves et de la classe ont repris, y compris les sorties \u00e9ducatives \u00e0 l&#8217;ext\u00e9rieur et les activit\u00e9s en classe. Les activit\u00e9s scolaires comprennent des mus\u00e9es, des \u00e9v\u00e9nements sportifs, des f\u00eates sur la plage, des f\u00eates de fin d&#8217;\u00e9tudes, des parcs \u00e0 th\u00e8me, des exp\u00e9riences culturelles et bien d&#8217;autres !<\/p>\n\n<\/div>\n<\/div>\n<div>\n<h3 style=\"margin-top: 3rem; margin-bottom: 0.5rem; font-weight: 500; line-height: 29px; font-size: 24px; color: #2165b9; background: #e8eff4; padding: 10px;\">Q3. Y a-t-il des cas confirm\u00e9s de COVID-19 au MLI?<\/h3>\n<div>\n<p style=\"margin-bottom: 1rem; color: #3d4c5c; font-size: 16px; line-height: 24px;\">Oui, il y a eu plusieurs cas confirm\u00e9s de COVID-19 \u00e0 l&#8217;IML. Si un \u00e9tudiant est malade, il doit passer un test PCR et soumettre le r\u00e9sultat n\u00e9gatif du test avant de retourner sur le campus. Si un \u00e9tudiant est test\u00e9 positif au COVID-19, nous encourageons fortement tous les \u00e9tudiants de la classe \u00e0 passer un test PCR avant de retourner sur le campus.<\/p>\n\n<\/div>\n<\/div>\n<div>\n<h3 style=\"margin-top: 3rem; margin-bottom: 0.5rem; font-weight: 500; line-height: 29px; font-size: 24px; color: #2165b9; background: #e8eff4; padding: 10px;\">Q4. Quand l&#8217;\u00e9cole reprendra-t-elle des cours en personne?<\/h3>\n<div>\n<p style=\"margin-bottom: 1rem; color: #3d4c5c; font-size: 16px; line-height: 24px;\">MLI a ramen\u00e9 tous les cours en personne.<\/p>\n\n<\/div>\n<\/div>\n<div>\n<h3 style=\"margin-top: 3rem; margin-bottom: 0.5rem; font-weight: 500; line-height: 29px; font-size: 24px; color: #2165b9; background: #e8eff4; padding: 10px;\">Q5. Comment obtenir les livres d&#8217;Anglais?<\/h3>\n<div>\n<p style=\"margin-bottom: 1rem; color: #3d4c5c; font-size: 16px; line-height: 24px;\">Achetez des manuels sur votre campus respectif.<\/p>\n\n<\/div>\n<\/div>\n<div>\n<h3 style=\"margin-top: 3rem; margin-bottom: 0.5rem; font-weight: 500; line-height: 29px; font-size: 24px; color: #2165b9; background: #e8eff4; padding: 10px;\">Q6. Comment votre \u00e9cole g\u00e8re-t-elle les cours en personne pendant la pand\u00e9mie?<\/h3>\n<div>\n<p style=\"margin-bottom: 1rem; color: #3d4c5c; font-size: 16px; line-height: 24px;\">Tout le monde sur le campus est tenu de v\u00e9rifier sa temp\u00e9rature quotidiennement \u00e0 son arriv\u00e9e \u00e0 l&#8217;\u00e9cole. Les \u00e9l\u00e8ves malades doivent rester chez eux et s&#8217;isoler. Les \u00e9tudiants doivent soumettre un test PCR n\u00e9gatif avant de retourner \u00e0 l&#8217;\u00e9cole.<\/p>\n\n<\/div>\n<\/div>\n<div>\n<h3 style=\"margin-top: 3rem; margin-bottom: 0.5rem; font-weight: 500; line-height: 29px; font-size: 24px; color: #2165b9; background: #e8eff4; padding: 10px;\">Q7. Quels programmes proposez-vous?<\/h3>\n<div>\n<p style=\"margin-bottom: 1rem; color: #3d4c5c; font-size: 16px; line-height: 24px;\">Nous proposons des programmes ESL, TOEFL et Conversation sur les deux campus. Westwood et Hollywood.<\/p>\n\n<\/div>\n<\/div>\n<div>\n<h3 style=\"margin-top: 3rem; margin-bottom: 0.5rem; font-weight: 500; line-height: 29px; font-size: 24px; color: #2165b9; background: #e8eff4; padding: 10px;\">Q8. Puis-je m&#8217;enregistrer dans un logement \u00e9tudiant le jour de mon arriv\u00e9e aux \u00c9tats-Unis?<\/h3>\n<div>\n<p style=\"margin-bottom: 1rem; color: #3d4c5c; font-size: 16px; line-height: 24px;\">Oui, mais il y a une limite de temps quant au moment o\u00f9 vous pouvez \u00eatre admis. Par exemple, entrer dans l&#8217;h\u00e9bergement \u00e0 3h00 ne serait pas possible. Veuillez consulter votre conseiller pour vos arrangements de voyage avec MLI.<\/p>\n\n<\/div>\n<\/div>\n<div>\n<div>\n<p style=\"margin-bottom: 1rem; color: #3d4c5c; font-size: 16px; line-height: 24px;\"><\/p>\n\n<\/div>\n<\/div>\n<\/div>\n<div style=\"color: #212529; font-family: -apple-system, BlinkMacSystemFont,;\">\n<h2 style=\"margin-top: 3rem; margin-bottom: 1rem; line-height: 39px; font-size: 32px; font-style: normal; color: #2165b9;\">Admissions pendant la p\u00e9riode COVID-19<\/h2>\n<div>\n<h3 style=\"margin-top: 3rem; margin-bottom: 0.5rem; font-weight: 500; line-height: 29px; font-size: 24px; color: #2165b9; background: #e8eff4; padding: 10px;\">Q1. Puis-je reporter mon admission pour des raisons li\u00e9es au COVID-19?<\/h3>\n<div>\n<p style=\"margin-bottom: 1rem; color: #3d4c5c; font-size: 16px; line-height: 24px;\">Oui, vous pouvez modifier la date de d\u00e9but de votre programme. Veuillez nous informer de la date \u00e0 laquelle vous souhaitez commencer votre programme en fonction des dates de d\u00e9but indiqu\u00e9es sur notre calendrier scolaire. Si vous \u00eates un \u00e9tudiant F1 (visa \u00e9tudiant), nous r\u00e9\u00e9mettrons votre I-20 avec une nouvelle date de d\u00e9but de programme et vous enverrons un I-20 sign\u00e9 num\u00e9riquement, afin que vous puissiez l&#8217;imprimer et l&#8217;emporter avec vous lorsque vous entrerez aux Etats Unis.<\/p>\n\n<\/div>\n<\/div>\n<div>\n<h3 style=\"margin-top: 3rem; margin-bottom: 0.5rem; font-weight: 500; line-height: 29px; font-size: 24px; color: #2165b9; background: #e8eff4; padding: 10px;\">Q2. Comment puis-je recevoir une copie de mon I-20?<\/h3>\n<div>\n<p style=\"margin-bottom: 1rem; color: #3d4c5c; font-size: 16px; line-height: 24px;\">Toutes les agences gouvernementales am\u00e9ricaines acceptent une copie num\u00e9rique de votre I-20. Cependant, si vous avez besoin de l&#8217;I-20 d&#8217;origine, nous pouvons vous l&#8217;envoyer par courrier. Dans ce cas, des frais d&#8217;exp\u00e9dition (120 $) vous seront factur\u00e9s.<\/p>\n\n<\/div>\n<\/div>\n<div>\n<h3 style=\"margin-top: 3rem; margin-bottom: 0.5rem; font-weight: 500; line-height: 29px; font-size: 24px; color: #2165b9; background: #e8eff4; padding: 10px;\">Q3. Dois-je payer des frais si je reporte ma date de d\u00e9but?<\/h3>\n<div>\n<p style=\"margin-bottom: 1rem; color: #3d4c5c; font-size: 16px; line-height: 24px;\">Non, si vous \u00eates un \u00e9tudiant F1 (titulaire d&#8217;un visa \u00e9tudiant), nous vous enverrons simplement votre nouveau I-20 par e-mail avec la nouvelle date de d\u00e9but du programme. Cependant, si vous demandez plus de deux fois de modifier la date de d\u00e9but de votre programme, nous facturerons 30 $ pour la r\u00e9\u00e9mission du I-20 \u00e0 partir du troisi\u00e8me I-20.<\/p>\n\n<\/div>\n<\/div>\n<div>\n<h3 style=\"margin-top: 3rem; margin-bottom: 0.5rem; font-weight: 500; line-height: 29px; font-size: 24px; color: #2165b9; background: #e8eff4; padding: 10px;\">Q4. Y aura-t-il des frais de p\u00e9nalit\u00e9 pour le report de la date d&#8217;emm\u00e9nagement?<\/h3>\n<div>\n<p style=\"margin-bottom: 1rem; color: #3d4c5c; font-size: 16px; line-height: 24px;\">Tant que vous nous avisez 30 jours avant la date de votre arriv\u00e9, il n&#8217;y aura aucun frais.<\/p>\n\n<\/div>\n<\/div>\n<div>\n<h3 style=\"margin-top: 3rem; margin-bottom: 0.5rem; font-weight: 500; line-height: 29px; font-size: 24px; color: #2165b9; background: #e8eff4; padding: 10px;\">Q5. Quels \u00e9tudiants seraient autoris\u00e9s \u00e0 participer \u00e0 des cours en personne?<\/h3>\n<div>\n<p style=\"margin-bottom: 1rem; color: #3d4c5c; font-size: 16px; line-height: 24px;\">Tous les \u00e9tudiants qui viennent aux \u00c9tats-Unis avec des I-20 initiaux (nouveaux \u00e9tudiants) doivent suivre des programmes en personne en raison des exigences SEVIS (immigration am\u00e9ricaine).<\/p>\n\n<\/div>\n<\/div>\n<\/div>\n<div style=\"color: #212529; font-family: -apple-system, BlinkMacSystemFont,;\">\n<h2 style=\"margin-top: 3rem; margin-bottom: 1rem; line-height: 39px; font-size: 32px; font-style: normal; color: #2165b9;\">Questions g\u00e9n\u00e9rales li\u00e9es au COVID-19<\/h2>\n<div>\n<h3 style=\"margin-top: 3rem; margin-bottom: 0.5rem; font-weight: 500; line-height: 29px; font-size: 24px; color: #2165b9; background: #e8eff4; padding: 10px;\">Q1. Comment puis-je obtenir un test COVID-19 gratuitement?<\/h3>\n<div>\n<p style=\"margin-bottom: 1rem; color: #3d4c5c; font-size: 16px; line-height: 24px;\">Si vous passez un examen PCR du comt\u00e9 de L.A., le test est gratuit.\nVeuillez visiter le site Web de test COVID-19 du comt\u00e9 de LA:\u00a0<span style=\"text-decoration: underline;\"><a style=\"color: #3366ff; font-size: 16px; line-height: 24px; text-decoration: underline;\" href=\"https:\/\/covid19.lacounty.gov\/testing\/\" target=\"_blank\" rel=\"noopener\">https:\/\/covid19.lacounty.gov\/testing\/<\/a><\/span><\/p>\n\n<\/div>\n<\/div>\n<div>\n<h3 style=\"margin-top: 3rem; margin-bottom: 0.5rem; font-weight: 500; line-height: 29px; font-size: 24px; color: #2165b9; background: #e8eff4; padding: 10px;\">Q2. Et si je suis test\u00e9 positif au COVID-19?<\/h3>\n<div>\n<p style=\"margin-bottom: 1rem; color: #3d4c5c; font-size: 16px; line-height: 24px;\">Tout d&#8217;abord, vous devez vous isoler et informer le MLI de votre situation, puis tester \u00e0 nouveau 5 jours plus tard pour voir si vous \u00eates toujours positif au COVID-19. Nous vous recommandons d&#8217;avoir une assurance m\u00e9dicale \/ voyage.<\/p>\n\n<\/div>\n<\/div>\n<div>\n<h3 style=\"margin-top: 3rem; margin-bottom: 0.5rem; font-weight: 500; line-height: 29px; font-size: 24px;  color: #2165b9; background: #e8eff4; padding: 10px;\">Q3. Que dois-je faire si je pense avoir \u00e9t\u00e9 expos\u00e9 au COVID-19?<\/h3>\n<div>\n<p style=\"margin-bottom: 1rem; color: #3d4c5c; font-size: 16px; line-height: 24px;\">Vous devriez passer un test PCR COVID-19. Los Angeles Country propose des examens PCR gratuits. Pour plus de d\u00e9tails, veuillez visiter le site Web du comt\u00e9 de Los Angeles : <span style=\"text-decoration: underline;\"><span style=\"color: #3366ff;\"><a class=\"waffle-rich-text-link\" style=\"color: #3366ff; text-decoration: underline;\" href=\"http:\/\/publichealth.lacounty.gov\/acd\/ncorona2019\/covidtests\/how\/\">http:\/\/publichealth.lacounty.gov\/acd\/ncorona2019\/covidtests\/how\/<\/a><\/span><\/span><\/p>\n\n<\/div>\n<\/div>\n<div>\n<h3 style=\"margin-top: 3rem; margin-bottom: 0.5rem; font-weight: 500; line-height: 29px; font-size: 24px; color: #2165b9; background: #e8eff4; padding: 10px;\">Q4. Quels sont les sympt\u00f4mes du COVID-19?<\/h3>\n<div>\n<p style=\"margin-bottom: 1rem; color: #3d4c5c; font-size: 16px; line-height: 24px;\">Pour plus de d\u00e9tails concernant les sympt\u00f4mes du COVID-19, consultez le site Web du CDC (Centers for Diseases Control and Prevention) : <a class=\"waffle-rich-text-link\" style=\"color: #3366ff; text-decoration: underline;\" href=\"https:\/\/www.cdc.gov\/coronavirus\/2019-ncov\/symptoms-testing\/symptoms.html\">https:\/\/www.cdc.gov\/coronavirus\/2019-ncov\/symptoms-testing\/symptoms.html<\/a><\/p>\n\n<\/div>\n<\/div>\n<div>\n<h3 style=\"margin-top: 3rem; margin-bottom: 0.5rem; font-weight: 500; line-height: 29px; font-size: 24px; color: #2165b9; background: #e8eff4; padding: 10px;\">Q5. \u00c0 quoi ressemble la situation du COVID-19 \u00e0 Los Angeles?<\/h3>\n<div>\n<p style=\"margin-bottom: 1rem; color: #3d4c5c; font-size: 16px; line-height: 24px;\">La situation du COVID-19 \u00e0 Los Angeles est bien contr\u00f4l\u00e9e et les cas positifs quotidiens sont inf\u00e9rieurs \u00e0 3 000. La vie \u00e0 Los Angeles est la m\u00eame qu&#8217;avant la pand\u00e9mie de COVID-19. Les gens sortent partout sans aucune crainte. Pour des donn\u00e9es plus d\u00e9taill\u00e9es, veuillez visiter le site Web de la sant\u00e9 publique de Los Angeles. <a class=\"waffle-rich-text-link\" style=\"color: #3366ff; text-decoration: underline;\" href=\"http:\/\/www.publichealth.lacounty.gov\/media\/Coronavirus\/data\/\">http:\/\/www.publichealth.lacounty.gov\/media\/Coronavirus\/data\/<\/a><\/p>\n\n<\/div>\n<\/div>\n<\/div>\n<\/div>\n<div style=\"color: #212529; font-family: -apple-system, BlinkMacSystemFont,;\">\n<div>\n<div><\/div>\n<\/div>\n<\/div>\t\t\t\t\t\t<\/div>\n\t\t\t\t<\/div>\n\t\t\t\t\t<\/div>\n\t\t<\/div>\n\t\t\t\t\t\t\t<\/div>\n\t\t<\/section>\n\t\t\t\t\t\t\t<\/div>\n\t\t","protected":false},"excerpt":{"rendered":"<p>Foire aux questions &#8211; COVID 19 R\u00e8glement de voyage, politique MLI COVID-19 et situation COVID-19 \u00e0 Los Angeles Q1. Quelles sont les directives actuelles pour voyager aux \u00c9tats-Unis? \u00c0 compter du 11 mai 2023, les vaccinations et les tests pr\u00e9alables pour le COVID-19 ne seront plus requis pour entrer aux \u00c9tats-Unis. Q2. Quelle est la [&hellip;]<\/p>\n","protected":false},"author":1,"featured_media":0,"parent":0,"menu_order":0,"comment_status":"closed","ping_status":"closed","template":"","meta":[],"_links":{"self":[{"href":"https:\/\/mliesl.edu\/contents\/wp-json\/wp\/v2\/pages\/944"}],"collection":[{"href":"https:\/\/mliesl.edu\/contents\/wp-json\/wp\/v2\/pages"}],"about":[{"href":"https:\/\/mliesl.edu\/contents\/wp-json\/wp\/v2\/types\/page"}],"author":[{"embeddable":true,"href":"https:\/\/mliesl.edu\/contents\/wp-json\/wp\/v2\/users\/1"}],"replies":[{"embeddable":true,"href":"https:\/\/mliesl.edu\/contents\/wp-json\/wp\/v2\/comments?post=944"}],"version-history":[{"count":17,"href":"https:\/\/mliesl.edu\/contents\/wp-json\/wp\/v2\/pages\/944\/revisions"}],"predecessor-version":[{"id":8493,"href":"https:\/\/mliesl.edu\/contents\/wp-json\/wp\/v2\/pages\/944\/revisions\/8493"}],"wp:attachment":[{"href":"https:\/\/mliesl.edu\/contents\/wp-json\/wp\/v2\/media?parent=944"}],"curies":[{"name":"wp","href":"https:\/\/api.w.org\/{rel}","templated":true}]}}