{"id":961,"date":"2022-03-15T07:12:56","date_gmt":"2022-03-15T07:12:56","guid":{"rendered":"http:\/\/localhost:81\/mli-wordpress\/?page_id=961"},"modified":"2023-05-25T04:51:25","modified_gmt":"2023-05-25T04:51:25","slug":"por-faq-covid19","status":"publish","type":"page","link":"https:\/\/mliesl.edu\/contents\/por\/por-faq-covid19\/","title":{"rendered":"FAQ"},"content":{"rendered":"\t\t<div data-elementor-type=\"wp-page\" data-elementor-id=\"961\" class=\"elementor elementor-961\">\n\t\t\t\t\t\t\t\t\t<section class=\"elementor-section elementor-top-section elementor-element elementor-element-426a445 elementor-section-boxed elementor-section-height-default elementor-section-height-default\" data-id=\"426a445\" data-element_type=\"section\">\n\t\t\t\t\t\t<div class=\"elementor-container elementor-column-gap-default\">\n\t\t\t\t\t<div class=\"elementor-column elementor-col-100 elementor-top-column elementor-element elementor-element-07b6365\" data-id=\"07b6365\" data-element_type=\"column\">\n\t\t\t<div class=\"elementor-widget-wrap elementor-element-populated\">\n\t\t\t\t\t\t\t\t<div class=\"elementor-element elementor-element-098db4f elementor-widget elementor-widget-heading\" data-id=\"098db4f\" data-element_type=\"widget\" data-widget_type=\"heading.default\">\n\t\t\t\t<div class=\"elementor-widget-container\">\n\t\t\t<style>\/*! elementor - v3.6.0 - 21-03-2022 *\/\n.elementor-heading-title{padding:0;margin:0;line-height:1}.elementor-widget-heading .elementor-heading-title[class*=elementor-size-]>a{color:inherit;font-size:inherit;line-height:inherit}.elementor-widget-heading .elementor-heading-title.elementor-size-small{font-size:15px}.elementor-widget-heading .elementor-heading-title.elementor-size-medium{font-size:19px}.elementor-widget-heading .elementor-heading-title.elementor-size-large{font-size:29px}.elementor-widget-heading .elementor-heading-title.elementor-size-xl{font-size:39px}.elementor-widget-heading .elementor-heading-title.elementor-size-xxl{font-size:59px}<\/style><h2 class=\"elementor-heading-title elementor-size-default\"><h1 style=\"margin-bottom: 1.5rem; line-height: 44px; font-size: 36px; color: rgb(0, 0, 0); font-style: normal; font-variant-ligatures: normal; font-variant-caps: normal; white-space: normal; font-family: &quot;Helvetica Neue&quot;, sans-serif !important;\">Perguntas frequentes-COVID 19<\/h1><\/h2>\t\t<\/div>\n\t\t\t\t<\/div>\n\t\t\t\t\t<\/div>\n\t\t<\/div>\n\t\t\t\t\t\t\t<\/div>\n\t\t<\/section>\n\t\t\t\t<section class=\"elementor-section elementor-top-section elementor-element elementor-element-f9f94ca elementor-section-boxed elementor-section-height-default elementor-section-height-default\" data-id=\"f9f94ca\" data-element_type=\"section\">\n\t\t\t\t\t\t<div class=\"elementor-container elementor-column-gap-default\">\n\t\t\t\t\t<div class=\"elementor-column elementor-col-100 elementor-top-column elementor-element elementor-element-5bc5144\" data-id=\"5bc5144\" data-element_type=\"column\">\n\t\t\t<div class=\"elementor-widget-wrap elementor-element-populated\">\n\t\t\t\t\t\t\t\t<div class=\"elementor-element elementor-element-c4b6105 elementor-widget elementor-widget-heading\" data-id=\"c4b6105\" data-element_type=\"widget\" data-widget_type=\"heading.default\">\n\t\t\t\t<div class=\"elementor-widget-container\">\n\t\t\t<h2 class=\"elementor-heading-title elementor-size-default\"><h2 style=\"line-height: 39px; font-size: 32px; font-style: normal; color: rgb(33, 101, 185); font-variant-ligatures: normal; font-variant-caps: normal; white-space: normal; font-family: &quot;Helvetica Neue&quot;, sans-serif !important;\">Regulamenta\u00e7\u00e3o de viagens, Pol\u00edtica MLI COVID-19, e situa\u00e7\u00e3o Covid-19 em Los Angeles.<\/h2><\/h2>\t\t<\/div>\n\t\t\t\t<\/div>\n\t\t\t\t\t<\/div>\n\t\t<\/div>\n\t\t\t\t\t\t\t<\/div>\n\t\t<\/section>\n\t\t\t\t<section class=\"elementor-section elementor-top-section elementor-element elementor-element-13ce50f elementor-section-boxed elementor-section-height-default elementor-section-height-default\" data-id=\"13ce50f\" data-element_type=\"section\">\n\t\t\t\t\t\t<div class=\"elementor-container elementor-column-gap-default\">\n\t\t\t\t\t<div class=\"elementor-column elementor-col-100 elementor-top-column elementor-element elementor-element-6ed63ec\" data-id=\"6ed63ec\" data-element_type=\"column\">\n\t\t\t<div class=\"elementor-widget-wrap elementor-element-populated\">\n\t\t\t\t\t\t\t\t<div class=\"elementor-element elementor-element-3e1b701 elementor-widget elementor-widget-text-editor\" data-id=\"3e1b701\" data-element_type=\"widget\" data-widget_type=\"text-editor.default\">\n\t\t\t\t<div class=\"elementor-widget-container\">\n\t\t\t<style>\/*! elementor - v3.6.0 - 21-03-2022 *\/\n.elementor-widget-text-editor.elementor-drop-cap-view-stacked .elementor-drop-cap{background-color:#818a91;color:#fff}.elementor-widget-text-editor.elementor-drop-cap-view-framed .elementor-drop-cap{color:#818a91;border:3px solid;background-color:transparent}.elementor-widget-text-editor:not(.elementor-drop-cap-view-default) .elementor-drop-cap{margin-top:8px}.elementor-widget-text-editor:not(.elementor-drop-cap-view-default) .elementor-drop-cap-letter{width:1em;height:1em}.elementor-widget-text-editor .elementor-drop-cap{float:left;text-align:center;line-height:1;font-size:50px}.elementor-widget-text-editor .elementor-drop-cap-letter{display:inline-block}<\/style>\t\t\t\t<div style=\"color: #212529; font-family: -apple-system, BlinkMacSystemFont,;\">\n<div style=\"color: #212529; font-family: -apple-system, BlinkMacSystemFont,;\">\n<div>\n<h3 style=\"margin-top: 3rem; margin-bottom: 0.5rem; font-weight: 500; line-height: 29px; font-size: 24px; color: #2165b9; background: #e8eff4; padding: 10px;\">Q1. &#8211; Qual a orienta\u00e7\u00e3o atual para viajar para os EUA?<\/h3>\n<div>\n<p style=\"margin-bottom: 1rem; color: #3d4c5c; font-size: 16px; line-height: 24px;\">A partir de 11 de maio de 2023, vacina\u00e7\u00f5es e testes\npr\u00e9vios para COVID-19 n\u00e3o ser\u00e3o mais necess\u00e1rios\npara entrar nos Estados Unidos.<\/p>\n\n<\/div>\n<\/div>\n<div>\n<h3 style=\"margin-top: 3rem; margin-bottom: 0.5rem; font-weight: 500; line-height: 29px; font-size: 24px; color: #2165b9; background: #e8eff4; padding: 10px;\">Q2. &#8211; Qual \u00e9 a pol\u00edtica da MLI em rela\u00e7\u00e3o a aulas presenciais?<\/h3>\n<div>\n<p style=\"margin-bottom: 1rem; color: #3d4c5c; font-size: 16px; line-height: 24px;\">MLI segue as diretrizes da Calif\u00f3rnia e do Condado\nde Los Angeles para manter todos seguros e prevenir\na propaga\u00e7\u00e3o da COVID-19. Todos devem seguir as\nseguintes regulamenta\u00e7\u00f5es:<\/p>\n<p style=\"margin-bottom: 1rem; color: #3d4c5c; font-size: 16px; line-height: 24px;\">Se voc\u00ea sentir sintomas relacionados a Covid-19,\ndeve se isolar e fazer imediatamente um teste PCR\npara o mesmo.\nSe voc\u00ea testar positivo para COVID-19, informe\nimediatamente a MLI e aguarde instru\u00e7\u00f5es adicionais.<\/p>\n\n<\/div>\n<\/div>\n<div>\n<h3 style=\"margin-top: 3rem; margin-bottom: 0.5rem; font-weight: 500; line-height: 29px; font-size: 24px; color: #2165b9; background: #e8eff4; padding: 10px;\">Q3. Por quanto tempo a (exce\u00e7\u00e3o COVID) \u00e0 regra de 5 meses cobre?<\/h3>\n<div>\n<p style=\"margin-bottom: 1rem; color: #3d4c5c; font-size: 16px; line-height: 24px;\">N\u00e3o h\u00e1 regra de 5 meses. Se voc\u00ea tem um visto de\nestudante v\u00e1lido e um I-20 inicial, voc\u00ea poder\u00e1 vir\npara os EUA.<\/p>\n\n<\/div>\n<\/div>\n<div>\n<h3 style=\"margin-top: 3rem; margin-bottom: 0.5rem; font-weight: 500; line-height: 29px; font-size: 24px; color: #2165b9; background: #e8eff4; padding: 10px;\">Q4. Se eu tiver um visto de estudante, posso vir para os EUA sem problemas?<\/h3>\n<div>\n<p style=\"margin-bottom: 1rem; color: #3d4c5c; font-size: 16px; line-height: 24px;\">Se voc\u00ea tem um visto de estudante v\u00e1lido, solicite um\nI-20, realize o pagamento da taxa SEVIS (formul\u00e1rio I-901:\ncomprovante de taxa SEVIS) e inicie seus estudos.\nN\u00e3o se esque\u00e7a de verificar as restri\u00e7\u00f5es de viagem\nem <a style=\"color: #0084e3; font-size: 16px; line-height: 24px;\" href=\"https:\/\/www.cdc.gov\/coronavirus\/2019-ncov\/travelers\/noncitizens-US-air-travel.html\">https:\/\/www.cdc.gov\/coronavirus\/2019-ncov\/travelers\/noncitizens-US-air-travel.html<\/a><\/p>\n\n<\/div>\n<\/div>\n<div>\n<h3 style=\"margin-top: 3rem; margin-bottom: 0.5rem; font-weight: 500; line-height: 29px; font-size: 24px; color: #2165b9; background: #e8eff4; padding: 10px;\">Q5. Posso vir para os EUA e participar apenas de programas online?<\/h3>\n<div>\n<p style=\"margin-bottom: 1rem; color: #3d4c5c; font-size: 16px; line-height: 24px;\">Conforme as regulamenta\u00e7\u00f5es do SEVP, estudantes\ninternacionais que ingressam nos Estados Unidos com\num visto I-20 inicial n\u00e3o est\u00e3o autorizados a frequentar\naulas online para cumprir seus requisitos. Todos os\nnovos\/alunos iniciais que chegam aos EUA ap\u00f3s 12 de\nmar\u00e7o de 2020 devem frequentar programas presenciais.<\/p>\n\n<\/div>\n<\/div>\n<div>\n<h3 style=\"margin-top: 3rem; margin-bottom: 0.5rem; font-weight: 500; line-height: 29px; font-size: 24px; color: #2165b9; background: #e8eff4; padding: 10px;\">Q6. O que acontecer\u00e1 se houver outro lockdown em LA?<\/h3>\n<div>\n<p style=\"margin-bottom: 1rem; color: #3d4c5c; font-size: 16px; line-height: 24px;\">Seguiremos as instru\u00e7\u00f5es do CDC e mudaremos para programas online, se necess\u00e1rio.<\/p>\n\n<\/div>\n<\/div>\n<\/div>\n<div style=\"color: #212529; font-family: -apple-system, BlinkMacSystemFont,;\">\n<h2 style=\"margin-top: 3rem; margin-bottom: 1rem; line-height: 39px; font-size: 32px; font-style: normal; color: #2165b9; padding-bottom: 1rem;\">Situa\u00e7\u00e3o da escola sob a COVID-19<\/h2>\n<div>\n<h3 style=\"margin-top: 3rem; margin-bottom: 0.5rem; font-weight: 500; line-height: 29px; font-size: 24px; color: #2165b9; background: #e8eff4; padding: 10px;\">Q1 &#8211; A MLI tem aulas online ou presenciais?<\/h3>\n<div>\n<p style=\"margin-bottom: 1rem; color: #3d4c5c; font-size: 16px; line-height: 24px;\">A MLI oferece apenas aulas presenciais. Aulas\npresenciais devem ser realizadas para atender aos\nrequisitos de imigra\u00e7\u00e3o para estudantes F1.<\/p>\n\n<\/div>\n<\/div>\n<div>\n<h3 style=\"margin-top: 3rem; margin-bottom: 0.5rem; font-weight: 500; line-height: 29px; font-size: 24px; color: #2165b9; background: #e8eff4; padding: 10px;\">Q2- Os eventos escolares da MLI est\u00e3o cancelados?<\/h3>\n<div>\n<p style=\"margin-bottom: 1rem; color: #3d4c5c; font-size: 16px; line-height: 24px;\">Sim, todas as atividades estudantis e de aulas\nforam retomadas, incluindo atividades externas e\nem sala de aula. As atividades escolares incluem\nvisitas a museus, eventos esportivos, festas na praia,\nfestas de formatura, parques tem\u00e1ticos, experi\u00eancias\nculturais e muito mais!<\/p>\n\n<\/div>\n<\/div>\n<div>\n<h3 style=\"margin-top: 3rem; margin-bottom: 0.5rem; font-weight: 500; line-height: 29px; font-size: 24px; color: #2165b9; background: #e8eff4; padding: 10px;\">Q3. H\u00e1 algum caso de COVID-19 confirmado na MLI?<\/h3>\n<div>\n<p style=\"margin-bottom: 1rem; color: #3d4c5c; font-size: 16px; line-height: 24px;\">Sim, houve v\u00e1rios casos confirmados de COVID-19\nna MLI. Se um aluno estiver doente, \u00e9 necess\u00e1rio\nfazer um teste PCR e apresentar o resultado negativo\nantes de retornar ao campus. Se um aluno testar positivo\npara COVID-19, n\u00f3s incentivamos fortemente que todos\nos alunos da turma fa\u00e7am um teste PCR antes de\nretornar ao campus.<\/p>\n\n<\/div>\n<\/div>\n<div>\n<h3 style=\"margin-top: 3rem; margin-bottom: 0.5rem; font-weight: 500; line-height: 29px; font-size: 24px; color: #2165b9; background: #e8eff4; padding: 10px;\">Q4. Quando a escola voltar\u00e1 a ter aulas ttalmente presenciais?<\/h3>\n<div>\n<p style=\"margin-bottom: 1rem; color: #3d4c5c; font-size: 16px; line-height: 24px;\">Nossa escola retomou todas as aulas presenciais.<\/p>\n\n<\/div>\n<\/div>\n<div>\n<h3 style=\"margin-top: 3rem; margin-bottom: 0.5rem; font-weight: 500; line-height: 29px; font-size: 24px; color: #2165b9; background: #e8eff4; padding: 10px;\">Q5. Como fa\u00e7o para obter os materiais did\u00e1ticos?<\/h3>\n<div>\n<p style=\"margin-bottom: 1rem; color: #3d4c5c; font-size: 16px; line-height: 24px;\">Voc\u00ea pode comprar livros em seu respectivo campus.<\/p>\n\n<\/div>\n<\/div>\n<div>\n<h3 style=\"margin-top: 3rem; margin-bottom: 0.5rem; font-weight: 500; line-height: 29px; font-size: 24px; color: #2165b9; background: #e8eff4; padding: 10px;\">Q6. Como a escola est\u00e1 administrando aulas presenciais durante a pandemia?<\/h3>\n<div>\n<p style=\"margin-bottom: 1rem; color: #3d4c5c; font-size: 16px; line-height: 24px;\">Todos no campus devem verificar sua temperatura\ndiariamente ao chegar \u00e0 escola. Os alunos que\nestiverem doentes devem ficar em casa e se isolar.\nOs alunos devem apresentar um resultado negativo\nno teste PCR antes de retornar \u00e0 escola.<\/p>\n\n<\/div>\n<\/div>\n<div>\n<h3 style=\"margin-top: 3rem; margin-bottom: 0.5rem; font-weight: 500; line-height: 29px; font-size: 24px; color: #2165b9; background: #e8eff4; padding: 10px;\">Q7. Quais programas a escola oferece?<\/h3>\n<div>\n<p style=\"margin-bottom: 1rem; color: #3d4c5c; font-size: 16px; line-height: 24px;\">Oferecemos cursos de ESL, TOEFL e Conversa\u00e7\u00e3o\nem ambos os campus, Westwood e Hollywood.<\/p>\n\n<\/div>\n<\/div>\n<div>\n<h3 style=\"margin-top: 3rem; margin-bottom: 0.5rem; font-weight: 500; line-height: 29px; font-size: 24px; color: #2165b9; background: #e8eff4; padding: 10px;\">Q8. Posso fazer o check-in em uma acomoda\u00e7\u00e3o de estudante no dia em que eu chegar aos EUA?<\/h3>\n<div>\n<p style=\"margin-bottom: 1rem; color: #3d4c5c; font-size: 16px; line-height: 24px;\">Sim, no entanto, existe uma restri\u00e7\u00e3o de hor\u00e1rio para\no check-in. Por exemplo, n\u00e3o seria poss\u00edvel fazer o\ncheck-in na acomoda\u00e7\u00e3o \u00e0s 3h da manh\u00e3. Por favor,\nconsulte seu orientador para organizar seus planos\nde viagem com a MLI.<\/p>\n\n<\/div>\n<\/div>\n<\/div>\n<div style=\"color: #212529; font-family: -apple-system, BlinkMacSystemFont,;\">\n<h2 style=\"margin-top: 3rem; margin-bottom: 1rem; line-height: 39px; font-size: 32px; font-style: normal; color: #2165b9; padding-bottom: 1rem;\">Admiss\u00f5es durante o per\u00edodo da COVID-19<\/h2>\n<div>\n<h3 style=\"margin-top: 3rem; margin-bottom: 0.5rem; font-weight: 500; line-height: 29px; font-size: 24px; color: #2165b9; background: #e8eff4; padding: 10px;\">Q1- Posso adiar minha admiss\u00e3o por motivos relacionados a COVID-19?<\/h3>\n<div>\n<p style=\"margin-bottom: 1rem; color: #3d4c5c; font-size: 16px; line-height: 24px;\">Sim, voc\u00ea pode alterar a data de in\u00edcio do programa. Informe-nos de quando voc\u00ea deseja iniciar seu programa com base nas datas de in\u00edcio listadas em nosso Calend\u00e1rio Escolar. Se voc\u00ea for um estudante F1 (visto de estudante), reeditaremos seu I-20 com uma nova data de in\u00edcio do programa e enviaremos um I-20 assinado digitalmente, para que voc\u00ea possa imprimi-lo e lev\u00e1-lo quando entrar no n\u00f3s<\/p>\n\n<\/div>\n<\/div>\n<div>\n<h3 style=\"margin-top: 3rem; margin-bottom: 0.5rem; font-weight: 500; line-height: 29px; font-size: 24px; color: #2165b9; background: #e8eff4; padding: 10px;\">Q2- Como posso receber uma c\u00f3pia do meu I-20?<\/h3>\n<div>\n<p style=\"margin-bottom: 1rem; color: #3d4c5c; font-size: 16px; line-height: 24px;\">As ag\u00eancias do governo americano aceitam uma c\u00f3pia\ndigital do seu formul\u00e1rio I-20. No entanto, se voc\u00ea precisar\ndo formul\u00e1rio I-20 original, podemos envi\u00e1-lo pelos correios.\nNeste caso, ser\u00e1 cobrada uma taxa de envio de US$ 120.<\/p>\n\n<\/div>\n<\/div>\n<div>\n<h3 style=\"margin-top: 3rem; margin-bottom: 0.5rem; font-weight: 500; line-height: 29px; font-size: 24px; color: #2165b9; background: #e8eff4; padding: 10px;\">Q3- Tenho que pagar uma taxa se adiar minha data de in\u00edcio?<\/h3>\n<div>\n<p style=\"margin-bottom: 1rem; color: #3d4c5c; font-size: 16px; line-height: 24px;\">Se voc\u00ea \u00e9 um estudante F1 (portador do visto de estudante),\nn\u00f3s simplesmente enviaremos por e-mail o seu novo I-20 com\na nova data de in\u00edcio do curso. No entanto, se voc\u00ea solicitar\na altera\u00e7\u00e3o da data de in\u00edcio do curso mais de duas vezes,\ncobraremos uma taxa de $30 para reemiss\u00e3o do I-20 a partir\ndo terceiro I-20.<\/p>\n\n<\/div>\n<\/div>\n<div>\n<h3 style=\"margin-top: 3rem; margin-bottom: 0.5rem; font-weight: 500; line-height: 29px; font-size: 24px; color: #2165b9; background: #e8eff4; padding: 10px;\">Q4. Haver\u00e1 alguma penalidade por adiar a data de mudan\u00e7a da moradia?<\/h3>\n<div>\n<p style=\"margin-bottom: 1rem; color: #3d4c5c; font-size: 16px; line-height: 24px;\">Contanto que voc\u00ea nos notifique 30 dias antes da data da mudan\u00e7a, n\u00e3o haver\u00e1 taxas.<\/p>\n\n<\/div>\n<\/div>\n<div>\n<h3 style=\"margin-top: 3rem; margin-bottom: 0.5rem; font-weight: 500; line-height: 29px; font-size: 24px; color: #2165b9; background: #e8eff4; padding: 10px;\">Q5. Quais alunos ter\u00e3o permiss\u00e3o para participar de aulas presenciais?<\/h3>\n<div>\n<p style=\"margin-bottom: 1rem; color: #3d4c5c; font-size: 16px; line-height: 24px;\">Todos os alunos que v\u00eam para os EUA com I-20s iniciais (novos alunos) devem participar de programas presenciais devido aos requisitos do SEVIS (imigra\u00e7\u00e3o dos EUA).presencial.<\/p>\n\n<\/div>\n<\/div>\n<\/div>\n<div style=\"color: #212529; font-family: -apple-system, BlinkMacSystemFont,;\">\n<h2 style=\"margin-top: 3rem; margin-bottom: 1rem; line-height: 39px; font-size: 32px; font-style: normal; color: #2165b9; padding-bottom: 1rem;\">General Questions Related to COVID-19<\/h2>\n<div>\n<h3 style=\"margin-top: 3rem; margin-bottom: 0.5rem; font-weight: 500; line-height: 29px; font-size: 24px; color: #2165b9; background: #e8eff4; padding: 10px;\">Q1. Como posso fazer o teste COVID-19 gratuitamente?<\/h3>\n<div>\n<p style=\"margin-bottom: 1rem; color: #3d4c5c; font-size: 16px; line-height: 24px;\">Se voc\u00ea fizer um exame PCR no condado de L.A., o teste \u00e9 gratuito. Visite o site de teste COVID-19 do condado de LA:\u00a0<a class=\"waffle-rich-text-link\" style=\"color: #0084e3; font-size: 16px; line-height: 24px;\" href=\"https:\/\/covid19.lacounty.gov\/testing\/\">https:\/\/covid19.lacounty.gov\/testing\/<\/a><\/p>\n\n<\/div>\n<\/div>\n<div>\n<h3 style=\"margin-top: 3rem; margin-bottom: 0.5rem; font-weight: 500; line-height: 29px; font-size: 24px; color: #2165b9; background: #e8eff4; padding: 10px;\">Q2- E se meu teste for positivo para COVID-19?<\/h3>\n<div>\n<p style=\"margin-bottom: 1rem; color: #3d4c5c; font-size: 16px; line-height: 24px;\">Primeiro, voc\u00ea deve se isolar e informar a MLI sobre a sua situa\u00e7\u00e3o. Em seguida, fazer um novo teste 5 dias depois para verificar se ainda est\u00e1 positivo para a COVID-19. Recomendamos ter um seguro m\u00e9dico\/viagem.<\/p>\n\n<\/div>\n<\/div>\n<div>\n<h3 style=\"margin-top: 3rem; margin-bottom: 0.5rem; font-weight: 500; line-height: 29px; font-size: 24px; color: #2165b9; background: #e8eff4; padding: 10px;\">Q3- O que devo fazer se eu achar que tive contato com a COVID-19?<\/h3>\n<div>\n<p style=\"margin-bottom: 1rem; color: #3d4c5c; font-size: 16px; line-height: 24px;\">Voc\u00ea deve fazer um teste PCR para COVID-19.\nO Condado de Los Angeles oferece exames PCR\ngratuitos. Para mais detalhes, por favor visite o\nwebsite do Condado de Los Angeles: <a class=\"waffle-rich-text-link\" style=\"color: #0084e3; font-size: 16px; line-height: 24px;\" href=\"http:\/\/publichealth.lacounty.gov\/acd\/ncorona2019\/covidtests\/how\/\">http:\/\/publichealth.lacounty.gov\/acd\/ncorona2019\/covidtests\/how\/<\/a><\/p>\n\n<\/div>\n<\/div>\n<div>\n<h3 style=\"margin-top: 3rem; margin-bottom: 0.5rem; font-weight: 500; line-height: 29px; font-size: 24px; color: #2165b9; background: #e8eff4; padding: 10px;\">Q4. Quais s\u00e3o os sintomas do COVID-19?<\/h3>\n<div>\n<p style=\"margin-bottom: 1rem; color: #3d4c5c; font-size: 16px; line-height: 24px;\">Para obter detalhes sobre os sintomas da COVID-19,\nconsulte o site do CDC (Centers for Disease Control\nand Prevention): <a class=\"waffle-rich-text-link\" style=\"color: #0084e3; font-size: 16px; line-height: 24px;\" href=\"https:\/\/www.cdc.gov\/coronavirus\/2019-ncov\/symptoms-testing\/symptoms.html\">https:\/\/www.cdc.gov\/coronavirus\/2019-ncov\/symptoms-testing\/symptoms.html<\/a><\/p>\n\n<\/div>\n<\/div>\n<div>\n<h3 style=\"margin-top: 3rem; margin-bottom: 0.5rem; font-weight: 500; line-height: 29px; font-size: 24px; color: #2165b9; background: #e8eff4; padding: 10px;\">Q5. Como \u00e9 a situa\u00e7\u00e3o da COVID-19 em LA?<\/h3>\n<div>\n<p style=\"margin-bottom: 1rem; color: #3d4c5c; font-size: 16px; line-height: 24px;\">A situa\u00e7\u00e3o da COVID-19 em Los Angeles est\u00e1 atualmente\nsob controle, com casos positivos di\u00e1rios permanecendo\nconsistentemente abaixo de 3.000. O p\u00fablico em geral em\nLos Angeles est\u00e1 retomando suas atividades normais e\nseguindo suas rotinas di\u00e1rias sem demonstrar grande medo\nou preocupa\u00e7\u00e3o. Para obter informa\u00e7\u00f5es e estat\u00edsticas mais\ndetalhadas, por favor consulte o site oficial de Sa\u00fade P\u00fablica\ndo Condado de Los Angeles: <a class=\"waffle-rich-text-link\" style=\"color: #0084e3; font-size: 16px; line-height: 24px;\" href=\"http:\/\/publichealth.lacounty.gov\/media\/coronavirus\/data\/\">http:\/\/publichealth.lacounty.gov\/media\/coronavirus\/data\/<\/a><\/p>\n\n<\/div>\n<\/div>\n<\/div>\n<\/div>\n<div style=\"color: #212529; font-family: -apple-system, BlinkMacSystemFont,;\">\n<div>\n<div><\/div>\n<\/div>\n<\/div>\t\t\t\t\t\t<\/div>\n\t\t\t\t<\/div>\n\t\t\t\t\t<\/div>\n\t\t<\/div>\n\t\t\t\t\t\t\t<\/div>\n\t\t<\/section>\n\t\t\t\t\t\t\t<\/div>\n\t\t","protected":false},"excerpt":{"rendered":"<p>Perguntas frequentes-COVID 19 Regulamenta\u00e7\u00e3o de viagens, Pol\u00edtica MLI COVID-19, e situa\u00e7\u00e3o Covid-19 em Los Angeles. Q1. &#8211; Qual a orienta\u00e7\u00e3o atual para viajar para os EUA? A partir de 11 de maio de 2023, vacina\u00e7\u00f5es e testes pr\u00e9vios para COVID-19 n\u00e3o ser\u00e3o mais necess\u00e1rios para entrar nos Estados Unidos. Q2. &#8211; Qual \u00e9 a pol\u00edtica [&hellip;]<\/p>\n","protected":false},"author":1,"featured_media":0,"parent":0,"menu_order":0,"comment_status":"closed","ping_status":"closed","template":"","meta":[],"_links":{"self":[{"href":"https:\/\/mliesl.edu\/contents\/wp-json\/wp\/v2\/pages\/961"}],"collection":[{"href":"https:\/\/mliesl.edu\/contents\/wp-json\/wp\/v2\/pages"}],"about":[{"href":"https:\/\/mliesl.edu\/contents\/wp-json\/wp\/v2\/types\/page"}],"author":[{"embeddable":true,"href":"https:\/\/mliesl.edu\/contents\/wp-json\/wp\/v2\/users\/1"}],"replies":[{"embeddable":true,"href":"https:\/\/mliesl.edu\/contents\/wp-json\/wp\/v2\/comments?post=961"}],"version-history":[{"count":23,"href":"https:\/\/mliesl.edu\/contents\/wp-json\/wp\/v2\/pages\/961\/revisions"}],"predecessor-version":[{"id":8505,"href":"https:\/\/mliesl.edu\/contents\/wp-json\/wp\/v2\/pages\/961\/revisions\/8505"}],"wp:attachment":[{"href":"https:\/\/mliesl.edu\/contents\/wp-json\/wp\/v2\/media?parent=961"}],"curies":[{"name":"wp","href":"https:\/\/api.w.org\/{rel}","templated":true}]}}